{"id":84,"date":"2021-06-10T04:37:07","date_gmt":"2021-06-10T02:37:07","guid":{"rendered":"http:\/\/wp.physio-rz.de\/physio_WP\/?page_id=84"},"modified":"2021-06-10T04:37:08","modified_gmt":"2021-06-10T02:37:08","slug":"impressum","status":"publish","type":"page","link":"http:\/\/wp.physio-rz.de\/physio_WP\/impressum\/","title":{"rendered":"Impressum"},"content":{"rendered":"\n<p><strong>Verantwortlich im Sinne des Pressegesetzes\/Teledienstgesetzes:<\/strong><br><strong>Johan Weerstand Schweriner Str. 4 23909 Ratzeburg Tel.: 04541\/8794044 Internet: www.physio.rz.de<\/strong><\/p>\n\n\n\n<p><strong>Fotos:<\/strong>&nbsp;Maurice H\u00fcbner, Microsoft OfficeOnline Word Content<\/p>\n\n\n\n<p><strong>Copyright Urheberrecht\u00a0<\/strong>Wir erteilen Ihnen hiermit unter folgenden Bedingungen das Recht, vorliegende Inhalte aus dem Internet-Auftritt von\u00a0www.physio-rz.de aufzurufen und zu speichern.<\/p>\n\n\n\n<figure class=\"wp-block-table\"><table><tbody><tr><td>Inhalte d\u00fcrfen nur zu Informationszwecken und nicht zum Verkauf oder zur Verbreitung zu gewerblichen oder politischen Zwecken verwendet werden.<\/td><\/tr><tr><td>Inhalte d\u00fcrfen in keinerlei Hinsicht ver\u00e4ndert werden.<\/td><\/tr><tr><td>Alle Rechte an der Datenbank sind vorbehalten. Kein Teil der Datenbank darf ohne schriftliche Zustimmung der Redaktion in irgendeiner Form vervielf\u00e4ltigt, verbreitet oder \u00f6ffentlich wiedergegeben werden. Ausgenommen hiervon sind Vervielf\u00e4ltigungen, die technisch zum Zwecke des Einblicks in die Datenbank unumg\u00e4nglich sind und nur vor\u00fcbergehend vorgenommen werden.<\/td><\/tr><tr><td>Ohne schriftliche Einwilligung von uns d\u00fcrfen die Datenbank oder Teile von ihr auch nicht in von Datenverarbeitungsanlagen verwendbare Sprachen \u00fcbertragen oder \u00fcbersetzt werden.<\/td><\/tr><tr><td>Die Copyright-Hinweise m\u00fcssen auf jeder Kopie unserer Homepage oder Teilen davon enthalten sein.<\/td><\/tr><\/tbody><\/table><\/figure>\n\n\n\n<p><strong>Disclaimer<\/strong>&nbsp;Die Redaktion \u00fcbernimmt keine Gew\u00e4hrleistung und keine Haftung im Zusammenhang mit jeglicher Nutzung der Informationen auf dieser Homepage. Die Redaktion ist nicht verantwortlich f\u00fcr die Inhalte von Seiten, auf die von diesem Auftritt verlinkt wird.<\/p>\n\n\n\n<p><strong>Datenschutz\u00a0<\/strong>Wir sind der freien und vertraulichen Kommunikation verpflichtet. Sie ist dem deutschen Datenschutz als einem wichtigen Grundrecht verpflichtet.<br>Um die Nachvollziehbarkeit der Verarbeitung personenbezogener Daten zu gew\u00e4hrleisten, wird an dieser Stelle der Umfang der Verarbeitung von personenbezogenen Daten im Rahmen der Informationsangebote von www.physio-rz.de\u00a0im Internet definiert:<\/p>\n\n\n\n<figure class=\"wp-block-table\"><table><tbody><tr><td>Die Internetserver von evelyn-maurice.de protokollieren keine Zugriffe auf die angebotenen Web Seiten. Soweit Seitenzugriffe gez\u00e4hlt werden, geschieht dies v\u00f6llig anonym.<\/td><\/tr><tr><td>Sollten bei der Fehlersuche bzw. Fehlerbehebung Daten anfallen, die R\u00fcckschl\u00fcsse auf Personen oder Organisationen zulassen, so unterliegen diese der strengen Zweckbindung des \u00a7 31 des Bundesdatenschutzgesetzes (BDSG). Sie werden unverz\u00fcglich wieder gel\u00f6scht.<\/td><\/tr><tr><td>Alle Mitglieder der Redaktion, die Zugriff auf diese Daten haben, sind auf das Datengeheimnis gem\u00e4\u00df \u00a7 5 BDSG verpflichtet.<\/td><\/tr><tr><td>Wenn Sie sich per E-Mail an&nbsp;uns wenden, werden die dabei erhobenen Daten nur f\u00fcr die Bearbeitung der Anfrage benutzt. Sie werden nicht an Dritte weitergegeben. Insbesondere werden die Daten ohne Ihr Einverst\u00e4ndnis nicht f\u00fcr zus\u00e4tzliche Marketingzwecke benutzt.<\/td><\/tr><\/tbody><\/table><\/figure>\n\n\n\n<p>Bei Fragen zu der Verarbeitung personenbezogener Daten im Rahmen des Informationsangebotes\u00a0www.physio-rz.de im Internet wenden Sie sich bitte an: <strong>Johan Weerstand Schweriner Str. 4 23909 Ratzeburg Tel.: 04541\/8794044 Internet: www.physio.rz.de<\/strong><\/p>\n","protected":false},"excerpt":{"rendered":"<p>Verantwortlich im Sinne des Pressegesetzes\/Teledienstgesetzes:Johan Weerstand Schweriner Str. 4 23909 Ratzeburg Tel.: 04541\/8794044 Internet: www.physio.rz.de Fotos:&nbsp;Maurice H\u00fcbner, Microsoft OfficeOnline Word Content Copyright Urheberrecht\u00a0Wir erteilen Ihnen hiermit unter folgenden Bedingungen das Recht, vorliegende Inhalte aus dem Internet-Auftritt von\u00a0www.physio-rz.de aufzurufen und zu speichern. Inhalte d\u00fcrfen nur zu Informationszwecken und nicht zum Verkauf oder zur Verbreitung zu gewerblichen &hellip; <\/p>\n","protected":false},"author":1,"featured_media":0,"parent":0,"menu_order":0,"comment_status":"closed","ping_status":"closed","template":"","meta":{"footnotes":""},"class_list":["post-84","page","type-page","status-publish","hentry"],"_links":{"self":[{"href":"http:\/\/wp.physio-rz.de\/physio_WP\/wp-json\/wp\/v2\/pages\/84","targetHints":{"allow":["GET"]}}],"collection":[{"href":"http:\/\/wp.physio-rz.de\/physio_WP\/wp-json\/wp\/v2\/pages"}],"about":[{"href":"http:\/\/wp.physio-rz.de\/physio_WP\/wp-json\/wp\/v2\/types\/page"}],"author":[{"embeddable":true,"href":"http:\/\/wp.physio-rz.de\/physio_WP\/wp-json\/wp\/v2\/users\/1"}],"replies":[{"embeddable":true,"href":"http:\/\/wp.physio-rz.de\/physio_WP\/wp-json\/wp\/v2\/comments?post=84"}],"version-history":[{"count":1,"href":"http:\/\/wp.physio-rz.de\/physio_WP\/wp-json\/wp\/v2\/pages\/84\/revisions"}],"predecessor-version":[{"id":85,"href":"http:\/\/wp.physio-rz.de\/physio_WP\/wp-json\/wp\/v2\/pages\/84\/revisions\/85"}],"wp:attachment":[{"href":"http:\/\/wp.physio-rz.de\/physio_WP\/wp-json\/wp\/v2\/media?parent=84"}],"curies":[{"name":"wp","href":"https:\/\/api.w.org\/{rel}","templated":true}]}}